{"id":773,"date":"2018-08-02T11:58:29","date_gmt":"2018-08-02T11:58:29","guid":{"rendered":"https:\/\/spanstfenomenet.wordpress.com\/?page_id=2"},"modified":"2026-03-21T19:01:19","modified_gmt":"2026-03-21T19:01:19","slug":"om","status":"publish","type":"page","link":"https:\/\/starkbydani.se\/index.php\/om\/","title":{"rendered":"Om Stark by Dani"},"content":{"rendered":"\n<h2 class=\"wp-block-heading\">Utbildning inom tr\u00e4ning<\/h2>\n\n\n\n<ul class=\"wp-block-list\">\n<li>PT-utbildning (<a href=\"https:\/\/theacademy.se\/programmes\/lic-personlig-tranare_474997\/\" data-type=\"URL\" data-id=\"https:\/\/theacademy.se\/programmes\/lic-personlig-tranare_474997\/\" target=\"_blank\" rel=\"noreferrer noopener\">Licensierad Personlig tr\u00e4nare<\/a>), <a href=\"https:\/\/theacademy.se\/om-oss\/\" data-type=\"URL\" data-id=\"https:\/\/theacademy.se\/om-oss\/\" target=\"_blank\" rel=\"noreferrer noopener\">The Academy<\/a> (2023)<\/li>\n\n\n\n<li>Certifierad <a href=\"https:\/\/tranarakademin.se\/utbildning\/diplomerad-strength-coach\/\" data-type=\"URL\" data-id=\"https:\/\/tranarakademin.se\/utbildning\/diplomerad-strength-coach\/\" target=\"_blank\" rel=\"noreferrer noopener\">Mobility- och Strength Specialist<\/a>, <a href=\"https:\/\/tranarakademin.se\/om-oss\/\" data-type=\"URL\" data-id=\"https:\/\/tranarakademin.se\/om-oss\/\" target=\"_blank\" rel=\"noreferrer noopener\">Tr\u00e4narakademin<\/a> (2021)<\/li>\n\n\n\n<li>Tr\u00e4narkurser f\u00f6r G\u00f6teborgs fotbollsf\u00f6rbund (l\u00f6pande)<\/li>\n\n\n\n<li>Tr\u00e4narkurs f\u00f6r Handboll i V\u00e4st (l\u00f6pande)<\/li>\n\n\n\n<li><a href=\"https:\/\/www.friskissvettis.se\/inspiration\/friskis-tranare-guldkorn-pa-gymmet\" data-type=\"URL\" data-id=\"https:\/\/www.friskissvettis.se\/kalmar\/engageradig\/tranare-i-gymmet\" target=\"_blank\" rel=\"noreferrer noopener\">Gymtr\u00e4nartutbildning<\/a> Friskis&amp;Svettis (2018)<\/li>\n<\/ul>\n\n\n\n<h2 class=\"wp-block-heading\">Nuvarande uppdrag<\/h2>\n\n\n\n<ul class=\"wp-block-list\">\n<li>Personlig tr\u00e4nare<\/li>\n\n\n\n<li>Handbollstr\u00e4nare f\u00f6r ungdomar i <a href=\"https:\/\/www.redbergslid.se\/var-verksamhet\/\" data-type=\"URL\" data-id=\"https:\/\/www.redbergslid.se\/var-verksamhet\/\" target=\"_blank\" rel=\"noreferrer noopener\">RIK<\/a><\/li>\n\n\n\n<li>Coach @ CrossFit G\u00f6ta<\/li>\n<\/ul>\n\n\n\n<h2 class=\"wp-block-heading\">Tidigare uppdrag<\/h2>\n\n\n\n<p>Du kan l\u00e4sa mer om alla uppdrag och mina uppdragsgivare via l\u00e4nkarna nedan. <\/p>\n\n\n\n<ul class=\"wp-block-list\">\n<li>Personlig tr\u00e4nare p\u00e5 Atletakademin<\/li>\n\n\n\n<li>Personlig tr\u00e4nare p\u00e5 Friskis&amp;Svettis G\u00f6teborg<\/li>\n\n\n\n<li>Utbilda blivande <a href=\"https:\/\/www.friskissvettis.se\/omoss\/utbildningen\" data-type=\"link\" data-id=\"https:\/\/www.friskissvettis.se\/omoss\/utbildningen\">Friskis&amp;Svettis<\/a> ledare i tr\u00e4ningsformen <a href=\"https:\/\/www.friskissvettis.se\/traning\/styrkateknik\/cirkelfys\/cirkelfys\" data-type=\"URL\" data-id=\"https:\/\/www.friskissvettis.se\/traning\/styrkateknik\/cirkelfys\/cirkelfys\" target=\"_blank\" rel=\"noreferrer noopener\">Cirkelfys<\/a> p\u00e5 riksniv\u00e5<\/li>\n\n\n\n<li>Utbilda blivande <a href=\"https:\/\/www.friskissvettis.se\/omoss\/utbildningen\" data-type=\"URL\" data-id=\"https:\/\/www.friskissvettis.se\/omoss\/utbildningen\" target=\"_blank\" rel=\"noreferrer noopener\">Friskis&amp;Svettis<\/a> gymtr\u00e4nare p\u00e5 riksniv\u00e5<\/li>\n\n\n\n<li>Grupptr\u00e4ning ute i naturen f\u00f6r <a href=\"https:\/\/rebuild.zoezi.se\/\" data-type=\"URL\" data-id=\"https:\/\/rebuild.zoezi.se\/\" target=\"_blank\" rel=\"noreferrer noopener\">Workout Rebuild<\/a><\/li>\n<\/ul>\n\n\n\n<h2 class=\"wp-block-heading\">Tidigare fystr\u00e4ningsuppdrag<\/h2>\n\n\n\n<p>Jag finns tillg\u00e4nglig f\u00f6r uppdrag som fystr\u00e4nare f\u00f6r ungdomar, tidigare har jag arbetat med nedan klubbar.<\/p>\n\n\n\n<ul class=\"wp-block-list\">\n<li><a href=\"https:\/\/www.svenskfotboll.se\/foreningar\/mossens-bk\/9571\/\" data-type=\"URL\" data-id=\"https:\/\/www.svenskfotboll.se\/foreningar\/mossens-bk\/9571\/\" target=\"_blank\" rel=\"noreferrer noopener\">Mossens BK<\/a> <\/li>\n\n\n\n<li><a href=\"https:\/\/www.skidklubben.se\/\">G\u00f6teborgs Skidklubb<\/a><\/li>\n\n\n\n<li><a href=\"https:\/\/www.instagram.com\/lerumsis\/\" data-type=\"link\" data-id=\"https:\/\/www.instagram.com\/lerumsis\/\">Lerums IS<\/a> (ungdomar f\u00f6dda -08 och tog silvermedalj i Gothia Cup 2024)<\/li>\n<\/ul>\n\n\n\n<h2 class=\"wp-block-heading\">G\u00e4stspel i andra kanaler<\/h2>\n\n\n\n<p><strong>Repotage i GP<\/strong> (November 2022) &#8211; <a rel=\"noreferrer noopener\" href=\"https:\/\/www.instagram.com\/goteborgsposten\" data-type=\"URL\" data-id=\"https:\/\/www.instagram.com\/goteborgsposten\" target=\"_blank\">@goteborgsposten<\/a><br><a rel=\"noreferrer noopener\" href=\"https:\/\/www.instagram.com\/reel\/Ck7jc-ttVnj\/?utm_source=ig_web_copy_link\" data-type=\"URL\" data-id=\"https:\/\/www.instagram.com\/reel\/Ck7jc-ttVnj\/?utm_source=ig_web_copy_link\" target=\"_blank\">Tre olika \u00f6vningar f\u00f6r att st\u00e4rka b\u00e5len \u2013 g\u00f6r all tr\u00e4ning enklare<\/a><\/p>\n\n\n\n<p><strong>Instagram takeover Friskis&amp;Svettis G\u00f6teborg<\/strong> (Juli 2022) &#8211; <a rel=\"noreferrer noopener\" href=\"https:\/\/www.instagram.com\/friskisgbg\" data-type=\"URL\" data-id=\"https:\/\/www.instagram.com\/friskisgbg\" target=\"_blank\">@friskisgbg<\/a><br><a rel=\"noreferrer noopener\" href=\"https:\/\/www.instagram.com\/p\/CgJOA_yIsBp\/?utm_source=ig_web_copy_link\" data-type=\"URL\" data-id=\"https:\/\/www.instagram.com\/p\/CgJOA_yIsBp\/?utm_source=ig_web_copy_link\" target=\"_blank\">Introduktion av mig<\/a> <br><a rel=\"noreferrer noopener\" href=\"https:\/\/www.instagram.com\/p\/CgL4PIEIEHQ\/?utm_source=ig_web_copy_link\" data-type=\"URL\" data-id=\"https:\/\/www.instagram.com\/p\/CgL4PIEIEHQ\/?utm_source=ig_web_copy_link\" target=\"_blank\">Soft pass i gymmet med 6 \u00f6vningar<\/a><br><a rel=\"noreferrer noopener\" href=\"https:\/\/www.instagram.com\/p\/CgL4PIEIEHQ\/?utm_source=ig_web_copy_link\" data-type=\"URL\" data-id=\"https:\/\/www.instagram.com\/p\/CgL4PIEIEHQ\/?utm_source=ig_web_copy_link\" target=\"_blank\">HIT pass i gymmet: 8:an<\/a><br><a rel=\"noreferrer noopener\" href=\"https:\/\/www.instagram.com\/p\/CgQ9YLXoPO_\/?utm_source=ig_web_copy_link\" data-type=\"URL\" data-id=\"https:\/\/www.instagram.com\/p\/CgQ9YLXoPO_\/?utm_source=ig_web_copy_link\" target=\"_blank\">Barn i gymmet passf\u00f6rslag<\/a><br><a rel=\"noreferrer noopener\" href=\"https:\/\/www.instagram.com\/p\/CgTnECpIw71\/?utm_source=ig_web_copy_link\" data-type=\"URL\" data-id=\"https:\/\/www.instagram.com\/p\/CgTnECpIw71\/?utm_source=ig_web_copy_link\" target=\"_blank\">Fredagsfys<\/a><\/p>\n\n\n\n<p><strong>Instagram takeover Friskis&amp;Svettis G\u00f6teborg<\/strong> (Juli 2021) &#8211; <a rel=\"noreferrer noopener\" href=\"https:\/\/www.instagram.com\/friskisgbg\" target=\"_blank\">@friskisgbg<\/a><br><a rel=\"noreferrer noopener\" href=\"https:\/\/www.instagram.com\/p\/CRf_1hgFIQd\/?utm_source=ig_web_copy_link\" data-type=\"URL\" data-id=\"https:\/\/www.instagram.com\/p\/CRf_1hgFIQd\/?utm_source=ig_web_copy_link\" target=\"_blank\">20 minuter pass utan utrustning<\/a><br><a rel=\"noreferrer noopener\" href=\"https:\/\/www.instagram.com\/p\/CRiq-c-lZpk\/?utm_source=ig_web_copy_link\" data-type=\"URL\" data-id=\"https:\/\/www.instagram.com\/p\/CRiq-c-lZpk\/?utm_source=ig_web_copy_link\" target=\"_blank\">Pass i gymmet<\/a><br><a rel=\"noreferrer noopener\" href=\"https:\/\/www.instagram.com\/p\/CRlJv0HF2U0\/?utm_source=ig_web_copy_link\" data-type=\"URL\" data-id=\"https:\/\/www.instagram.com\/p\/CRlJv0HF2U0\/?utm_source=ig_web_copy_link\" target=\"_blank\">Styrka och stabilitet med pyramiduppl\u00e4gg<\/a><br><a rel=\"noreferrer noopener\" href=\"https:\/\/www.instagram.com\/p\/CRns6iYBQrz\/?utm_source=ig_web_copy_link\" data-type=\"URL\" data-id=\"https:\/\/www.instagram.com\/p\/CRns6iYBQrz\/?utm_source=ig_web_copy_link\" target=\"_blank\">Tankar kring skador som p\u00e5verkar tr\u00e4ningen<\/a><br><a href=\"https:\/\/www.instagram.com\/p\/CRtjPyBlPZp\/?utm_source=ig_web_copy_link\" data-type=\"URL\" data-id=\"https:\/\/www.instagram.com\/p\/CRtjPyBlPZp\/?utm_source=ig_web_copy_link\" target=\"_blank\" rel=\"noreferrer noopener\">Tr\u00e4ning utanf\u00f6r komfortzonen &#8211; l\u00e5ngdistansl\u00f6pning<\/a><\/p>\n\n\n\n<p><strong>WORK:OUT <\/strong>(2021-2024) &#8211; <a href=\"https:\/\/www.instagram.com\/workoutrebuild\" data-type=\"URL\" data-id=\"https:\/\/www.instagram.com\/workoutrebuild\" target=\"_blank\" rel=\"noreferrer noopener\">@workoutrebuild<\/a><br><a href=\"https:\/\/www.instagram.com\/p\/CKbWCw1FJkL\/?utm_source=ig_web_copy_link\" data-type=\"URL\" data-id=\"https:\/\/www.instagram.com\/p\/CKbWCw1FJkL\/?utm_source=ig_web_copy_link\" target=\"_blank\" rel=\"noreferrer noopener\">Samling med aktiva ledare<\/a><\/p>\n\n\n\n<p><strong>Tr\u00e4ning med Mossens damer <\/strong>(Februari 2019) &#8211; <a href=\"https:\/\/www.instagram.com\/mossensbk_dam\" data-type=\"URL\" data-id=\"https:\/\/www.instagram.com\/mossensbk_dam\" target=\"_blank\" rel=\"noreferrer noopener\">@mossensbk_dam<\/a><\/p>\n\n\n\n<h2 class=\"wp-block-heading\">Stark by Dani<\/h2>\n\n\n\n<p>Bolagsform: Aktiebolag<br>F-Skatt: Registrerad<br>Moms: Registrerad i Momsregistret<br>Registrerings\u00e5r: 2021<br><em>Fr\u00e5n 2018-2021 bedrevs verksamheten under namnet &#8221;Sp\u00e4nstfenomenet&#8221;.<\/em><\/p>\n\n\n<div class=\"wp-block-image\">\n<figure class=\"aligncenter size-full is-resized\"><img loading=\"lazy\" decoding=\"async\" width=\"834\" height=\"490\" src=\"https:\/\/starkbydani.se\/wp-content\/uploads\/2021\/12\/stark_by_dani_logo-1.jpg\" alt=\"\" class=\"wp-image-772\" style=\"width:323px;height:auto\" srcset=\"https:\/\/starkbydani.se\/wp-content\/uploads\/2021\/12\/stark_by_dani_logo-1.jpg 834w, https:\/\/starkbydani.se\/wp-content\/uploads\/2021\/12\/stark_by_dani_logo-1-300x176.jpg 300w, https:\/\/starkbydani.se\/wp-content\/uploads\/2021\/12\/stark_by_dani_logo-1-768x451.jpg 768w\" sizes=\"auto, (max-width: 834px) 100vw, 834px\" \/><\/figure>\n<\/div>","protected":false},"excerpt":{"rendered":"<p>Utbildning inom tr\u00e4ning Nuvarande uppdrag Tidigare uppdrag Du kan l\u00e4sa mer om alla uppdrag och mina uppdragsgivare via l\u00e4nkarna nedan. Tidigare fystr\u00e4ningsuppdrag Jag finns tillg\u00e4nglig f\u00f6r uppdrag som fystr\u00e4nare f\u00f6r ungdomar, tidigare har jag arbetat&hellip;<\/p>\n","protected":false},"author":2,"featured_media":0,"parent":0,"menu_order":1,"comment_status":"closed","ping_status":"closed","template":"","meta":{"footnotes":""},"class_list":["post-773","page","type-page","status-publish","hentry"],"_links":{"self":[{"href":"https:\/\/starkbydani.se\/index.php\/wp-json\/wp\/v2\/pages\/773","targetHints":{"allow":["GET"]}}],"collection":[{"href":"https:\/\/starkbydani.se\/index.php\/wp-json\/wp\/v2\/pages"}],"about":[{"href":"https:\/\/starkbydani.se\/index.php\/wp-json\/wp\/v2\/types\/page"}],"author":[{"embeddable":true,"href":"https:\/\/starkbydani.se\/index.php\/wp-json\/wp\/v2\/users\/2"}],"replies":[{"embeddable":true,"href":"https:\/\/starkbydani.se\/index.php\/wp-json\/wp\/v2\/comments?post=773"}],"version-history":[{"count":16,"href":"https:\/\/starkbydani.se\/index.php\/wp-json\/wp\/v2\/pages\/773\/revisions"}],"predecessor-version":[{"id":1108,"href":"https:\/\/starkbydani.se\/index.php\/wp-json\/wp\/v2\/pages\/773\/revisions\/1108"}],"wp:attachment":[{"href":"https:\/\/starkbydani.se\/index.php\/wp-json\/wp\/v2\/media?parent=773"}],"curies":[{"name":"wp","href":"https:\/\/api.w.org\/{rel}","templated":true}]}}